{"id":2791,"date":"2022-06-10T20:03:29","date_gmt":"2022-06-10T18:03:29","guid":{"rendered":"https:\/\/baons-le-comte.fr\/?page_id=2791"},"modified":"2022-06-10T20:03:30","modified_gmt":"2022-06-10T18:03:30","slug":"documents-a-telecharger","status":"publish","type":"page","link":"https:\/\/baons-le-comte.fr\/index.php\/documents-a-telecharger\/","title":{"rendered":"Documents \u00e0 telecharger"},"content":{"rendered":"\n<p>Veuillez trouver ici les documents \u00e0 t\u00e9l\u00e9charger pour vos d\u00e9marches administratives<\/p>\n\n\n\n<h2 class=\"wp-block-heading\">Urbanisme<\/h2>\n\n\n\n<p><\/p>\n\n\n\n<p><\/p>\n\n\n\n<p><\/p>\n\n\n\n<p><\/p>\n","protected":false},"excerpt":{"rendered":"<p>Veuillez trouver ici les documents \u00e0 t\u00e9l\u00e9charger pour vos d\u00e9marches administratives Urbanisme<\/p>\n","protected":false},"author":1,"featured_media":0,"parent":0,"menu_order":0,"comment_status":"closed","ping_status":"closed","template":"","meta":{"footnotes":""},"class_list":["post-2791","page","type-page","status-publish","hentry"],"aioseo_notices":[],"_links":{"self":[{"href":"https:\/\/baons-le-comte.fr\/index.php\/wp-json\/wp\/v2\/pages\/2791"}],"collection":[{"href":"https:\/\/baons-le-comte.fr\/index.php\/wp-json\/wp\/v2\/pages"}],"about":[{"href":"https:\/\/baons-le-comte.fr\/index.php\/wp-json\/wp\/v2\/types\/page"}],"author":[{"embeddable":true,"href":"https:\/\/baons-le-comte.fr\/index.php\/wp-json\/wp\/v2\/users\/1"}],"replies":[{"embeddable":true,"href":"https:\/\/baons-le-comte.fr\/index.php\/wp-json\/wp\/v2\/comments?post=2791"}],"version-history":[{"count":1,"href":"https:\/\/baons-le-comte.fr\/index.php\/wp-json\/wp\/v2\/pages\/2791\/revisions"}],"predecessor-version":[{"id":2792,"href":"https:\/\/baons-le-comte.fr\/index.php\/wp-json\/wp\/v2\/pages\/2791\/revisions\/2792"}],"wp:attachment":[{"href":"https:\/\/baons-le-comte.fr\/index.php\/wp-json\/wp\/v2\/media?parent=2791"}],"curies":[{"name":"wp","href":"https:\/\/api.w.org\/{rel}","templated":true}]}}