{"id":32,"date":"2015-09-09T19:19:03","date_gmt":"2015-09-09T19:19:03","guid":{"rendered":"http:\/\/test.baons-le-comte.fr\/?page_id=32"},"modified":"2019-03-11T23:18:01","modified_gmt":"2019-03-11T22:18:01","slug":"vos-demarches","status":"publish","type":"page","link":"https:\/\/baons-le-comte.fr\/index.php\/vos-demarches\/","title":{"rendered":"Vos D\u00e9marches"},"content":{"rendered":"<table id=\"tablepress-1\" class=\"tablepress tablepress-id-1\">\n<thead>\n<tr class=\"row-1\">\n<th class=\"column-1\">Pour obtenir<\/th>\n<th class=\"column-2\">O\u00f9 faire la d\u00e9marche ?<\/th>\n<th class=\"column-3\">Pi\u00e8ces \u00e0 fournir<\/th>\n<th class=\"column-4\">Observations<\/th>\n<\/tr>\n<\/thead>\n<tbody class=\"row-hover\">\n<tr class=\"row-2\">\n<td class=\"column-1\"><strong>Carte Nationale d&rsquo;identit\u00e9<\/strong><\/td>\n<td class=\"column-2\">Mairie d&rsquo;Yvetot<\/p>\n<p>(sur rendez-vous)<\/td>\n<td class=\"column-3\">&#8211; 2 photos d\u2019identit\u00e9,<br \/>\n&#8211; Un justificatif de domicile (-3 mois),<br \/>\n&#8211; Une copie int\u00e9grale de l&rsquo;acte de naissance (- 6 mois) pour une premi\u00e8re demande,<br \/>\n&#8211; Justificatif de nationalit\u00e9 pour une premi\u00e8re demande,<br \/>\n&#8211; L\u2019ancienne carte d\u2019identit\u00e9 en cas de renouvellement ou bien la d\u00e9claration de perte ou vol.<\/td>\n<td class=\"column-4\">Gratuit<\/td>\n<\/tr>\n<tr class=\"row-3\">\n<td class=\"column-1\"><strong>Passeport<\/strong><\/td>\n<td class=\"column-2\">Mairie d&rsquo;Yvetot<\/p>\n<p>(sur rendez-vous)<\/td>\n<td class=\"column-3\">&#8211; 2 photos d\u2019identit\u00e9<br \/>\n&#8211; Un justificatif de domicile (- 3 mois)<br \/>\n&#8211; Une copie int\u00e9grale de l&rsquo;acte de naissance (- 6 mois) et le livret de famille (si la personne est mari\u00e9e, veuve, divorc\u00e9e)<br \/>\n&#8211; L\u2019ancien passeport en cas de renouvellement ou d\u00e9claration de perte ou vol.<br \/>\n&#8211; La carte d\u2019identit\u00e9.<\/td>\n<td class=\"column-4\">Prendre rendez-vous.<\/p>\n<p>Timbre fiscal selon tarif en vigueur.<\/p>\n<p>Pour les mineurs, autorisation du repr\u00e9sentant l\u00e9gal et photocopie de droit de garde de l\u2019enfant s\u2019il y a eu divorce.<\/td>\n<\/tr>\n<tr class=\"row-4\">\n<td class=\"column-1\"><strong>Autorisation de sortie du territoire pour les mineurs<\/strong><\/td>\n<td class=\"column-2\">Mairie du domicile<\/td>\n<td class=\"column-3\">L&rsquo;autorisation de sortie de territoire n&rsquo;est plus obligatoire depuis le 1 janvier 2013<\/td>\n<td class=\"column-4\"><\/td>\n<\/tr>\n<tr class=\"row-5\">\n<td class=\"column-1\"><strong>Extrait de naissance<\/strong><\/td>\n<td class=\"column-2\">Mairie du lieu de naissance<\/td>\n<td class=\"column-3\">Indiquer date de naissance, nom (nom de jeune fille pour les femmes mari\u00e9es), pr\u00e9noms, et noms et pr\u00e9noms des parents<\/td>\n<td class=\"column-4\">Gratuit.<br \/>\nJoindre une enveloppe timbr\u00e9e pour la r\u00e9ponse<\/td>\n<\/tr>\n<tr class=\"row-6\">\n<td class=\"column-1\"><strong>Extrait de naissance (pour les Fran\u00e7ais n\u00e9s \u00e0 l&rsquo;\u00e9tranger)<\/strong><\/td>\n<td class=\"column-2\">Minist\u00e8re des affaires \u00e9trang\u00e8res<br \/>\nService central d&rsquo;Etat-Civil<br \/>\n11 rue de la Maison Blanche<br \/>\n44941 NANTES cedex9<\/td>\n<td class=\"column-3\">Indiquer la date du mariage Noms et pr\u00e9noms des \u00e9poux<\/td>\n<td class=\"column-4\">Gratuit<\/td>\n<\/tr>\n<tr class=\"row-7\">\n<td class=\"column-1\"><strong>Extrait d&rsquo;acte de mariage<\/strong><\/td>\n<td class=\"column-2\">Mairie du lieu de mariage<\/td>\n<td class=\"column-3\">Indiquer la date du mariage et nom et pr\u00e9noms des \u00e9poux<\/td>\n<td class=\"column-4\">Gratuit.<br \/>\nJoindre une enveloppe timbr\u00e9e pour la r\u00e9ponse<\/td>\n<\/tr>\n<tr class=\"row-8\">\n<td class=\"column-1\"><strong>Extrait d&rsquo;acte de mariage (pour les Fran\u00e7ais mari\u00e9s \u00e0 l&rsquo;\u00e9tranger)<\/strong><\/td>\n<td class=\"column-2\">Minist\u00e8re des affaires \u00e9trang\u00e8res<br \/>\nService central d&rsquo;Etat-Civil<br \/>\n11 rue de la Maison Blanche<br \/>\n44941 NANTES cedex9<\/td>\n<td class=\"column-3\">Indiquer la date du mariage et noms et pr\u00e9noms des \u00e9poux<\/td>\n<td class=\"column-4\">Gratuit<\/td>\n<\/tr>\n<tr class=\"row-9\">\n<td class=\"column-1\"><strong>Extrait d&rsquo;acte de d\u00e9c\u00e8s<\/strong><\/td>\n<td class=\"column-2\">Mairie du lieu de d\u00e9c\u00e8s ou du dernier domicile<\/td>\n<td class=\"column-3\">Indiquer date du d\u00e9c\u00e8s, nom et pr\u00e9noms<\/td>\n<td class=\"column-4\">Gratuit.<br \/>\nJoindre une enveloppe timbr\u00e9e pour la r\u00e9ponse<\/td>\n<\/tr>\n<tr class=\"row-10\">\n<td class=\"column-1\"><strong>Reconnaissance<\/strong><\/td>\n<td class=\"column-2\">N\u2019importe quelle mairie<\/td>\n<td class=\"column-3\">Pi\u00e8ce d\u2019identit\u00e9 des d\u00e9clarants<\/td>\n<td class=\"column-4\"><\/td>\n<\/tr>\n<tr class=\"row-11\">\n<td class=\"column-1\"><strong>Pacs<\/strong><\/td>\n<td class=\"column-2\">Tribunal d\u2019Instance du domicile<\/td>\n<td class=\"column-3\">Se renseigner aupr\u00e8s du Tribunal d&rsquo;Instance d&rsquo;Evreux<\/td>\n<td class=\"column-4\"><\/td>\n<\/tr>\n<tr class=\"row-12\">\n<td class=\"column-1\"><strong>Extrait de casier judiciaire<\/strong><\/td>\n<td class=\"column-2\">Minist\u00e8re de la Justice<br \/>\nCasier Judiciaire National<br \/>\n107 rue du Landreau<br \/>\n44079 Nantes Cedex 1<\/td>\n<td class=\"column-3\">Indiquer Nom, pr\u00e9nom (nom de jeune fille pour les femmes mari\u00e9es)<br \/>\ndate et lieu de naissance et adresse<\/td>\n<td class=\"column-4\">Gratuit<\/td>\n<\/tr>\n<tr class=\"row-13\">\n<td class=\"column-1\"><strong>Demande de naturalisation<\/strong><\/td>\n<td class=\"column-2\">Pr\u00e9fecture du lieu de domicile<\/td>\n<td class=\"column-3\">Faire une demande \u00e9crite en joignant une photocopie de la carte de s\u00e9jour<\/td>\n<td class=\"column-4\"><\/td>\n<\/tr>\n<tr class=\"row-14\">\n<td class=\"column-1\"><strong>Inscription sur la liste \u00e9lectorale<\/strong><\/td>\n<td class=\"column-2\">Mairie du domicile,<br \/>\njusqu\u2019au 31 d\u00e9cembre<\/td>\n<td class=\"column-3\">&#8211; Livret de famille<br \/>\n&#8211; Carte d\u2019identit\u00e9<br \/>\n&#8211; Justificatif de domicile<\/td>\n<td class=\"column-4\">Gratuit<\/td>\n<\/tr>\n<tr class=\"row-15\">\n<td class=\"column-1\"><strong>Recensement militaire (filles et gar\u00e7ons)<\/strong><\/td>\n<td class=\"column-2\">Mairie du domicile,<br \/>\ndans le mois anniversaire des 16 ans<\/td>\n<td class=\"column-3\">&#8211; Livret de famille des parents<br \/>\n&#8211; Carte nationale d\u2019identit\u00e9<br \/>\n&#8211; Justificatif de domicile<\/td>\n<td class=\"column-4\">Gratuit<\/td>\n<\/tr>\n<tr class=\"row-16\">\n<td class=\"column-1\"><strong>Permis de construire<\/strong><\/td>\n<td class=\"column-2\">Mairie du lieu de construction<\/td>\n<td class=\"column-3\"><\/td>\n<td class=\"column-4\">Gratuit<\/td>\n<\/tr>\n<\/tbody>\n<\/table>\n","protected":false},"excerpt":{"rendered":"<p>Pour obtenir O\u00f9 faire la d\u00e9marche ? Pi\u00e8ces \u00e0 fournir Observations Carte Nationale d&rsquo;identit\u00e9 Mairie d&rsquo;Yvetot (sur rendez-vous) &#8211; 2 photos d\u2019identit\u00e9, &#8211; Un justificatif de domicile (-3 mois), &#8211; Une copie int\u00e9grale de l&rsquo;acte de naissance (- 6 mois) pour une premi\u00e8re demande, &#8211; Justificatif de nationalit\u00e9 pour une premi\u00e8re demande, &#8211; L\u2019ancienne carte &hellip; <a href=\"https:\/\/baons-le-comte.fr\/index.php\/vos-demarches\/\" class=\"more-link\">Continuer la lecture de <span class=\"screen-reader-text\">Vos D\u00e9marches<\/span>  <span class=\"meta-nav\">&rarr;<\/span><\/a><\/p>\n","protected":false},"author":1,"featured_media":0,"parent":0,"menu_order":0,"comment_status":"closed","ping_status":"closed","template":"","meta":{"footnotes":""},"class_list":["post-32","page","type-page","status-publish","hentry"],"aioseo_notices":[],"_links":{"self":[{"href":"https:\/\/baons-le-comte.fr\/index.php\/wp-json\/wp\/v2\/pages\/32"}],"collection":[{"href":"https:\/\/baons-le-comte.fr\/index.php\/wp-json\/wp\/v2\/pages"}],"about":[{"href":"https:\/\/baons-le-comte.fr\/index.php\/wp-json\/wp\/v2\/types\/page"}],"author":[{"embeddable":true,"href":"https:\/\/baons-le-comte.fr\/index.php\/wp-json\/wp\/v2\/users\/1"}],"replies":[{"embeddable":true,"href":"https:\/\/baons-le-comte.fr\/index.php\/wp-json\/wp\/v2\/comments?post=32"}],"version-history":[{"count":4,"href":"https:\/\/baons-le-comte.fr\/index.php\/wp-json\/wp\/v2\/pages\/32\/revisions"}],"predecessor-version":[{"id":2684,"href":"https:\/\/baons-le-comte.fr\/index.php\/wp-json\/wp\/v2\/pages\/32\/revisions\/2684"}],"wp:attachment":[{"href":"https:\/\/baons-le-comte.fr\/index.php\/wp-json\/wp\/v2\/media?parent=32"}],"curies":[{"name":"wp","href":"https:\/\/api.w.org\/{rel}","templated":true}]}}