{"id":35,"date":"2015-09-09T19:30:55","date_gmt":"2015-09-09T19:30:55","guid":{"rendered":"http:\/\/test.baons-le-comte.fr\/?page_id=35"},"modified":"2021-12-08T20:42:02","modified_gmt":"2021-12-08T19:42:02","slug":"contact","status":"publish","type":"page","link":"https:\/\/baons-le-comte.fr\/index.php\/contact\/","title":{"rendered":"Contact"},"content":{"rendered":"<figure id=\"attachment_418\" aria-describedby=\"caption-attachment-418\" style=\"width: 1024px\" class=\"wp-caption alignnone\"><a href=\"https:\/\/baons-le-comte.fr\/wp-content\/uploads\/2015\/09\/20161027_153105.jpg\"><img loading=\"lazy\" decoding=\"async\" class=\"size-large wp-image-418\" src=\"https:\/\/baons-le-comte.fr\/wp-content\/uploads\/2015\/09\/20161027_153105-1024x768.jpg\" alt=\"Photo Mairie Baons le Comte\" width=\"1024\" height=\"768\" srcset=\"https:\/\/baons-le-comte.fr\/wp-content\/uploads\/2015\/09\/20161027_153105-1024x768.jpg 1024w, https:\/\/baons-le-comte.fr\/wp-content\/uploads\/2015\/09\/20161027_153105-300x225.jpg 300w, https:\/\/baons-le-comte.fr\/wp-content\/uploads\/2015\/09\/20161027_153105-768x576.jpg 768w, https:\/\/baons-le-comte.fr\/wp-content\/uploads\/2015\/09\/20161027_153105.jpg 1600w\" sizes=\"(max-width: 1024px) 100vw, 1024px\" \/><\/a><figcaption id=\"caption-attachment-418\" class=\"wp-caption-text\">Mairie Baons\u00a0le Comte<\/figcaption><\/figure>\n<h2><span class=\"bold\">Adresse de la mairie<\/span><span class=\"lh w54\">\u00a0<\/span><\/h2>\n<p><span class=\"lh w54\">Le Village<br \/>\n76190 Baons le Comte<br \/>\n<\/span><\/p>\n<h2>Horaires d&rsquo;ouverture<\/h2>\n<p>Le lundi de 10h00 \u00e0 12h00<br \/>\nLe jeudi de 16h45 \u00e0 18h45<\/p>\n<h2><\/h2>\n<h2>Contacts<\/h2>\n<p>T\u00e9l\u00e9phone : 02 35 56 63 07<br \/>\nFax : <span class=\"lh w54\">02 35 56 63 07<br \/>\n<a href=\"mailto:mairie.baonslecomte@wanadoo.fr\">mairie.baonslecomte@wanadoo.fr<\/a><\/span><\/p>\n","protected":false},"excerpt":{"rendered":"<p>Adresse de la mairie\u00a0 Le Village 76190 Baons le Comte Horaires d&rsquo;ouverture Le lundi de 10h00 \u00e0 12h00 Le jeudi de 16h45 \u00e0 18h45 Contacts T\u00e9l\u00e9phone : 02 35 56 63 07 Fax : 02 35 56 63 07 mairie.baonslecomte@wanadoo.fr<\/p>\n","protected":false},"author":1,"featured_media":0,"parent":0,"menu_order":0,"comment_status":"closed","ping_status":"closed","template":"","meta":{"footnotes":""},"class_list":["post-35","page","type-page","status-publish","hentry"],"aioseo_notices":[],"_links":{"self":[{"href":"https:\/\/baons-le-comte.fr\/index.php\/wp-json\/wp\/v2\/pages\/35"}],"collection":[{"href":"https:\/\/baons-le-comte.fr\/index.php\/wp-json\/wp\/v2\/pages"}],"about":[{"href":"https:\/\/baons-le-comte.fr\/index.php\/wp-json\/wp\/v2\/types\/page"}],"author":[{"embeddable":true,"href":"https:\/\/baons-le-comte.fr\/index.php\/wp-json\/wp\/v2\/users\/1"}],"replies":[{"embeddable":true,"href":"https:\/\/baons-le-comte.fr\/index.php\/wp-json\/wp\/v2\/comments?post=35"}],"version-history":[{"count":3,"href":"https:\/\/baons-le-comte.fr\/index.php\/wp-json\/wp\/v2\/pages\/35\/revisions"}],"predecessor-version":[{"id":2564,"href":"https:\/\/baons-le-comte.fr\/index.php\/wp-json\/wp\/v2\/pages\/35\/revisions\/2564"}],"wp:attachment":[{"href":"https:\/\/baons-le-comte.fr\/index.php\/wp-json\/wp\/v2\/media?parent=35"}],"curies":[{"name":"wp","href":"https:\/\/api.w.org\/{rel}","templated":true}]}}